{"id":6917,"date":"2016-09-05T10:56:21","date_gmt":"2016-09-05T10:56:21","guid":{"rendered":"https:\/\/galapagos-seastartravel.com\/about-us\/"},"modified":"2020-10-29T07:53:03","modified_gmt":"2020-10-29T12:53:03","slug":"quienes-somos","status":"publish","type":"page","link":"https:\/\/galapagos-seastartravel.com\/es\/quienes-somos\/","title":{"rendered":"Quienes somos"},"content":{"rendered":"","protected":false},"excerpt":{"rendered":"","protected":false},"author":1,"featured_media":6637,"parent":0,"menu_order":0,"comment_status":"closed","ping_status":"closed","template":"","meta":{"nf_dc_page":"","om_disable_all_campaigns":false,"_monsterinsights_skip_tracking":false,"_monsterinsights_sitenote_active":false,"_monsterinsights_sitenote_note":"","_monsterinsights_sitenote_category":0,"footnotes":""},"class_list":["post-6917","page","type-page","status-publish","has-post-thumbnail","hentry"],"yoast_head":"<!-- This site is optimized with the Yoast SEO Premium plugin v27.3 (Yoast SEO v27.3) - https:\/\/yoast.com\/product\/yoast-seo-premium-wordpress\/ -->\n<title>Quienes somos - Galapagos Sea Star Travel Company<\/title>\n<meta name=\"description\" content=\"Cada uno de los integrantes de nuestra familia y equipo de trabajo son profesionales con amplia experiencia en turismo.Somos una familia galapague\u00f1a que ha trabajado m\u00e1s de veinte a\u00f1os en el turismo.\" \/>\n<meta name=\"robots\" content=\"index, follow, max-snippet:-1, max-image-preview:large, max-video-preview:-1\" \/>\n<link rel=\"canonical\" href=\"https:\/\/galapagos-seastartravel.com\/es\/quienes-somos\/\" \/>\n<meta property=\"og:locale\" content=\"es_ES\" \/>\n<meta property=\"og:type\" content=\"article\" \/>\n<meta property=\"og:title\" content=\"Quienes somos\" \/>\n<meta property=\"og:url\" content=\"https:\/\/galapagos-seastartravel.com\/es\/quienes-somos\/\" \/>\n<meta property=\"og:site_name\" content=\"Galapagos Sea Star Travel Company\" \/>\n<meta property=\"article:publisher\" content=\"https:\/\/www.facebook.com\/GalapagosSeaStarTravel\/\" \/>\n<meta property=\"article:modified_time\" content=\"2020-10-29T12:53:03+00:00\" \/>\n<meta property=\"og:image\" content=\"https:\/\/i2.wp.com\/galapagos-seastartravel.com\/wp-content\/uploads\/2019\/04\/isla-plazas-cactus-flower2880.jpg?fit=2880%2C1599&ssl=1\" \/>\n\t<meta property=\"og:image:width\" content=\"2880\" \/>\n\t<meta property=\"og:image:height\" content=\"1599\" \/>\n\t<meta property=\"og:image:type\" content=\"image\/jpeg\" \/>\n<meta name=\"twitter:card\" content=\"summary_large_image\" \/>\n<script type=\"application\/ld+json\" class=\"yoast-schema-graph\">{\"@context\":\"https:\\\/\\\/schema.org\",\"@graph\":[{\"@type\":\"WebPage\",\"@id\":\"https:\\\/\\\/galapagos-seastartravel.com\\\/es\\\/quienes-somos\\\/\",\"url\":\"https:\\\/\\\/galapagos-seastartravel.com\\\/es\\\/quienes-somos\\\/\",\"name\":\"Quienes somos - Galapagos Sea Star Travel Company\",\"isPartOf\":{\"@id\":\"https:\\\/\\\/galapagos-seastartravel.com\\\/es\\\/#website\"},\"primaryImageOfPage\":{\"@id\":\"https:\\\/\\\/galapagos-seastartravel.com\\\/es\\\/quienes-somos\\\/#primaryimage\"},\"image\":{\"@id\":\"https:\\\/\\\/galapagos-seastartravel.com\\\/es\\\/quienes-somos\\\/#primaryimage\"},\"thumbnailUrl\":\"https:\\\/\\\/i0.wp.com\\\/galapagos-seastartravel.com\\\/wp-content\\\/uploads\\\/2019\\\/02\\\/isla-plazas-cactus-flower2880-e1552723563952.jpg?fit=714%2C396&ssl=1\",\"datePublished\":\"2016-09-05T10:56:21+00:00\",\"dateModified\":\"2020-10-29T12:53:03+00:00\",\"description\":\"Cada uno de los integrantes de nuestra familia y equipo de trabajo son profesionales con amplia experiencia en turismo.Somos una familia galapague\u00f1a que ha trabajado m\u00e1s de veinte a\u00f1os en el turismo.\",\"breadcrumb\":{\"@id\":\"https:\\\/\\\/galapagos-seastartravel.com\\\/es\\\/quienes-somos\\\/#breadcrumb\"},\"inLanguage\":\"es\",\"potentialAction\":[{\"@type\":\"ReadAction\",\"target\":[\"https:\\\/\\\/galapagos-seastartravel.com\\\/es\\\/quienes-somos\\\/\"]}]},{\"@type\":\"ImageObject\",\"inLanguage\":\"es\",\"@id\":\"https:\\\/\\\/galapagos-seastartravel.com\\\/es\\\/quienes-somos\\\/#primaryimage\",\"url\":\"https:\\\/\\\/i0.wp.com\\\/galapagos-seastartravel.com\\\/wp-content\\\/uploads\\\/2019\\\/02\\\/isla-plazas-cactus-flower2880-e1552723563952.jpg?fit=714%2C396&ssl=1\",\"contentUrl\":\"https:\\\/\\\/i0.wp.com\\\/galapagos-seastartravel.com\\\/wp-content\\\/uploads\\\/2019\\\/02\\\/isla-plazas-cactus-flower2880-e1552723563952.jpg?fit=714%2C396&ssl=1\",\"width\":714,\"height\":396},{\"@type\":\"BreadcrumbList\",\"@id\":\"https:\\\/\\\/galapagos-seastartravel.com\\\/es\\\/quienes-somos\\\/#breadcrumb\",\"itemListElement\":[{\"@type\":\"ListItem\",\"position\":1,\"name\":\"Inicio\",\"item\":\"https:\\\/\\\/galapagos-seastartravel.com\\\/es\\\/\"},{\"@type\":\"ListItem\",\"position\":2,\"name\":\"Quienes somos\"}]},{\"@type\":\"WebSite\",\"@id\":\"https:\\\/\\\/galapagos-seastartravel.com\\\/es\\\/#website\",\"url\":\"https:\\\/\\\/galapagos-seastartravel.com\\\/es\\\/\",\"name\":\"Galapagos Sea Star Travel Company\",\"description\":\"Tour Operator and Travel Agency\",\"potentialAction\":[{\"@type\":\"SearchAction\",\"target\":{\"@type\":\"EntryPoint\",\"urlTemplate\":\"https:\\\/\\\/galapagos-seastartravel.com\\\/es\\\/?s={search_term_string}\"},\"query-input\":{\"@type\":\"PropertyValueSpecification\",\"valueRequired\":true,\"valueName\":\"search_term_string\"}}],\"inLanguage\":\"es\"}]}<\/script>\n<!-- \/ Yoast SEO Premium plugin. -->","yoast_head_json":{"title":"Quienes somos - Galapagos Sea Star Travel Company","description":"Cada uno de los integrantes de nuestra familia y equipo de trabajo son profesionales con amplia experiencia en turismo.Somos una familia galapague\u00f1a que ha trabajado m\u00e1s de veinte a\u00f1os en el turismo.","robots":{"index":"index","follow":"follow","max-snippet":"max-snippet:-1","max-image-preview":"max-image-preview:large","max-video-preview":"max-video-preview:-1"},"canonical":"https:\/\/galapagos-seastartravel.com\/es\/quienes-somos\/","og_locale":"es_ES","og_type":"article","og_title":"Quienes somos","og_url":"https:\/\/galapagos-seastartravel.com\/es\/quienes-somos\/","og_site_name":"Galapagos Sea Star Travel Company","article_publisher":"https:\/\/www.facebook.com\/GalapagosSeaStarTravel\/","article_modified_time":"2020-10-29T12:53:03+00:00","og_image":[{"width":2880,"height":1599,"url":"https:\/\/i2.wp.com\/galapagos-seastartravel.com\/wp-content\/uploads\/2019\/04\/isla-plazas-cactus-flower2880.jpg?fit=2880%2C1599&ssl=1","type":"image\/jpeg"}],"twitter_card":"summary_large_image","schema":{"@context":"https:\/\/schema.org","@graph":[{"@type":"WebPage","@id":"https:\/\/galapagos-seastartravel.com\/es\/quienes-somos\/","url":"https:\/\/galapagos-seastartravel.com\/es\/quienes-somos\/","name":"Quienes somos - Galapagos Sea Star Travel Company","isPartOf":{"@id":"https:\/\/galapagos-seastartravel.com\/es\/#website"},"primaryImageOfPage":{"@id":"https:\/\/galapagos-seastartravel.com\/es\/quienes-somos\/#primaryimage"},"image":{"@id":"https:\/\/galapagos-seastartravel.com\/es\/quienes-somos\/#primaryimage"},"thumbnailUrl":"https:\/\/i0.wp.com\/galapagos-seastartravel.com\/wp-content\/uploads\/2019\/02\/isla-plazas-cactus-flower2880-e1552723563952.jpg?fit=714%2C396&ssl=1","datePublished":"2016-09-05T10:56:21+00:00","dateModified":"2020-10-29T12:53:03+00:00","description":"Cada uno de los integrantes de nuestra familia y equipo de trabajo son profesionales con amplia experiencia en turismo.Somos una familia galapague\u00f1a que ha trabajado m\u00e1s de veinte a\u00f1os en el turismo.","breadcrumb":{"@id":"https:\/\/galapagos-seastartravel.com\/es\/quienes-somos\/#breadcrumb"},"inLanguage":"es","potentialAction":[{"@type":"ReadAction","target":["https:\/\/galapagos-seastartravel.com\/es\/quienes-somos\/"]}]},{"@type":"ImageObject","inLanguage":"es","@id":"https:\/\/galapagos-seastartravel.com\/es\/quienes-somos\/#primaryimage","url":"https:\/\/i0.wp.com\/galapagos-seastartravel.com\/wp-content\/uploads\/2019\/02\/isla-plazas-cactus-flower2880-e1552723563952.jpg?fit=714%2C396&ssl=1","contentUrl":"https:\/\/i0.wp.com\/galapagos-seastartravel.com\/wp-content\/uploads\/2019\/02\/isla-plazas-cactus-flower2880-e1552723563952.jpg?fit=714%2C396&ssl=1","width":714,"height":396},{"@type":"BreadcrumbList","@id":"https:\/\/galapagos-seastartravel.com\/es\/quienes-somos\/#breadcrumb","itemListElement":[{"@type":"ListItem","position":1,"name":"Inicio","item":"https:\/\/galapagos-seastartravel.com\/es\/"},{"@type":"ListItem","position":2,"name":"Quienes somos"}]},{"@type":"WebSite","@id":"https:\/\/galapagos-seastartravel.com\/es\/#website","url":"https:\/\/galapagos-seastartravel.com\/es\/","name":"Galapagos Sea Star Travel Company","description":"Tour Operator and Travel Agency","potentialAction":[{"@type":"SearchAction","target":{"@type":"EntryPoint","urlTemplate":"https:\/\/galapagos-seastartravel.com\/es\/?s={search_term_string}"},"query-input":{"@type":"PropertyValueSpecification","valueRequired":true,"valueName":"search_term_string"}}],"inLanguage":"es"}]}},"_links":{"self":[{"href":"https:\/\/galapagos-seastartravel.com\/es\/wp-json\/wp\/v2\/pages\/6917","targetHints":{"allow":["GET"]}}],"collection":[{"href":"https:\/\/galapagos-seastartravel.com\/es\/wp-json\/wp\/v2\/pages"}],"about":[{"href":"https:\/\/galapagos-seastartravel.com\/es\/wp-json\/wp\/v2\/types\/page"}],"author":[{"embeddable":true,"href":"https:\/\/galapagos-seastartravel.com\/es\/wp-json\/wp\/v2\/users\/1"}],"replies":[{"embeddable":true,"href":"https:\/\/galapagos-seastartravel.com\/es\/wp-json\/wp\/v2\/comments?post=6917"}],"version-history":[{"count":0,"href":"https:\/\/galapagos-seastartravel.com\/es\/wp-json\/wp\/v2\/pages\/6917\/revisions"}],"wp:featuredmedia":[{"embeddable":true,"href":"https:\/\/galapagos-seastartravel.com\/es\/wp-json\/wp\/v2\/media\/6637"}],"wp:attachment":[{"href":"https:\/\/galapagos-seastartravel.com\/es\/wp-json\/wp\/v2\/media?parent=6917"}],"curies":[{"name":"wp","href":"https:\/\/api.w.org\/{rel}","templated":true}]}}