{"id":6949,"date":"2019-02-11T15:42:24","date_gmt":"2019-02-11T15:42:24","guid":{"rendered":"https:\/\/galapagos-seastartravel.com\/island-hopping-tours\/"},"modified":"2020-10-28T07:15:23","modified_gmt":"2020-10-28T12:15:23","slug":"islas-galapagos-tour","status":"publish","type":"page","link":"https:\/\/galapagos-seastartravel.com\/es\/islas-galapagos-tour\/","title":{"rendered":"Nuestros Tours en las Islas Gal\u00e1pagos"},"content":{"rendered":"","protected":false},"excerpt":{"rendered":"","protected":false},"author":1,"featured_media":6398,"parent":0,"menu_order":0,"comment_status":"closed","ping_status":"closed","template":"","meta":{"nf_dc_page":"","om_disable_all_campaigns":false,"_monsterinsights_skip_tracking":false,"_monsterinsights_sitenote_active":false,"_monsterinsights_sitenote_note":"","_monsterinsights_sitenote_category":0,"footnotes":""},"class_list":["post-6949","page","type-page","status-publish","has-post-thumbnail","hentry"],"yoast_head":"<!-- This site is optimized with the Yoast SEO Premium plugin v27.3 (Yoast SEO v27.3) - https:\/\/yoast.com\/product\/yoast-seo-premium-wordpress\/ -->\n<title>Islas Galapagos Tours - Galapagos Sea Star Travel Company<\/title>\n<meta name=\"description\" content=\"Nuestros tours por las islas Gal\u00e1pagos son una excelente alternativa a la navegaci\u00f3n en cruceros, puedes explorar la vida silvestre del archipi\u00e9lago y las maravillas naturales d\u00eda a d\u00eda, mientras duermes en los hoteles de la islas por la noche. Esto permite a los viajeros que no les gusta la navegaci\u00f3n disfrutar de los aspectos m\u00e1s destacados de las Islas Gal\u00e1pagos sin comprometer su comodidad y la necesidad de estar en tierra firme.\" \/>\n<meta name=\"robots\" content=\"index, follow, max-snippet:-1, max-image-preview:large, max-video-preview:-1\" \/>\n<link rel=\"canonical\" href=\"https:\/\/galapagos-seastartravel.com\/es\/islas-galapagos-tour\/\" \/>\n<meta property=\"og:locale\" content=\"es_ES\" \/>\n<meta property=\"og:type\" content=\"article\" \/>\n<meta property=\"og:title\" content=\"Nuestros Tours en las Islas Gal\u00e1pagos\" \/>\n<meta property=\"og:url\" content=\"https:\/\/galapagos-seastartravel.com\/es\/islas-galapagos-tour\/\" \/>\n<meta property=\"og:site_name\" content=\"Galapagos Sea Star Travel Company\" \/>\n<meta property=\"article:publisher\" content=\"https:\/\/www.facebook.com\/GalapagosSeaStarTravel\/\" \/>\n<meta property=\"article:modified_time\" content=\"2020-10-28T12:15:23+00:00\" \/>\n<meta property=\"og:image\" content=\"https:\/\/i1.wp.com\/galapagos-seastartravel.com\/wp-content\/uploads\/2019\/02\/fotos-37-38.jpg?fit=4221%2C1506&ssl=1\" \/>\n\t<meta property=\"og:image:width\" content=\"4221\" \/>\n\t<meta property=\"og:image:height\" content=\"1506\" \/>\n\t<meta property=\"og:image:type\" content=\"image\/jpeg\" \/>\n<meta name=\"twitter:card\" content=\"summary_large_image\" \/>\n<script type=\"application\/ld+json\" class=\"yoast-schema-graph\">{\"@context\":\"https:\\\/\\\/schema.org\",\"@graph\":[{\"@type\":\"WebPage\",\"@id\":\"https:\\\/\\\/galapagos-seastartravel.com\\\/es\\\/islas-galapagos-tour\\\/\",\"url\":\"https:\\\/\\\/galapagos-seastartravel.com\\\/es\\\/islas-galapagos-tour\\\/\",\"name\":\"Islas Galapagos Tours - Galapagos Sea Star Travel Company\",\"isPartOf\":{\"@id\":\"https:\\\/\\\/galapagos-seastartravel.com\\\/es\\\/#website\"},\"primaryImageOfPage\":{\"@id\":\"https:\\\/\\\/galapagos-seastartravel.com\\\/es\\\/islas-galapagos-tour\\\/#primaryimage\"},\"image\":{\"@id\":\"https:\\\/\\\/galapagos-seastartravel.com\\\/es\\\/islas-galapagos-tour\\\/#primaryimage\"},\"thumbnailUrl\":\"https:\\\/\\\/i0.wp.com\\\/galapagos-seastartravel.com\\\/wp-content\\\/uploads\\\/2019\\\/02\\\/fotos-37-38.jpg?fit=4221%2C1506&ssl=1\",\"datePublished\":\"2019-02-11T15:42:24+00:00\",\"dateModified\":\"2020-10-28T12:15:23+00:00\",\"description\":\"Nuestros tours por las islas Gal\u00e1pagos son una excelente alternativa a la navegaci\u00f3n en cruceros, puedes explorar la vida silvestre del archipi\u00e9lago y las maravillas naturales d\u00eda a d\u00eda, mientras duermes en los hoteles de la islas por la noche. Esto permite a los viajeros que no les gusta la navegaci\u00f3n disfrutar de los aspectos m\u00e1s destacados de las Islas Gal\u00e1pagos sin comprometer su comodidad y la necesidad de estar en tierra firme.\",\"breadcrumb\":{\"@id\":\"https:\\\/\\\/galapagos-seastartravel.com\\\/es\\\/islas-galapagos-tour\\\/#breadcrumb\"},\"inLanguage\":\"es\",\"potentialAction\":[{\"@type\":\"ReadAction\",\"target\":[\"https:\\\/\\\/galapagos-seastartravel.com\\\/es\\\/islas-galapagos-tour\\\/\"]}]},{\"@type\":\"ImageObject\",\"inLanguage\":\"es\",\"@id\":\"https:\\\/\\\/galapagos-seastartravel.com\\\/es\\\/islas-galapagos-tour\\\/#primaryimage\",\"url\":\"https:\\\/\\\/i0.wp.com\\\/galapagos-seastartravel.com\\\/wp-content\\\/uploads\\\/2019\\\/02\\\/fotos-37-38.jpg?fit=4221%2C1506&ssl=1\",\"contentUrl\":\"https:\\\/\\\/i0.wp.com\\\/galapagos-seastartravel.com\\\/wp-content\\\/uploads\\\/2019\\\/02\\\/fotos-37-38.jpg?fit=4221%2C1506&ssl=1\",\"width\":4221,\"height\":1506},{\"@type\":\"BreadcrumbList\",\"@id\":\"https:\\\/\\\/galapagos-seastartravel.com\\\/es\\\/islas-galapagos-tour\\\/#breadcrumb\",\"itemListElement\":[{\"@type\":\"ListItem\",\"position\":1,\"name\":\"Inicio\",\"item\":\"https:\\\/\\\/galapagos-seastartravel.com\\\/es\\\/\"},{\"@type\":\"ListItem\",\"position\":2,\"name\":\"Nuestros Tours en las Islas Gal\u00e1pagos\"}]},{\"@type\":\"WebSite\",\"@id\":\"https:\\\/\\\/galapagos-seastartravel.com\\\/es\\\/#website\",\"url\":\"https:\\\/\\\/galapagos-seastartravel.com\\\/es\\\/\",\"name\":\"Galapagos Sea Star Travel Company\",\"description\":\"Tour Operator and Travel Agency\",\"potentialAction\":[{\"@type\":\"SearchAction\",\"target\":{\"@type\":\"EntryPoint\",\"urlTemplate\":\"https:\\\/\\\/galapagos-seastartravel.com\\\/es\\\/?s={search_term_string}\"},\"query-input\":{\"@type\":\"PropertyValueSpecification\",\"valueRequired\":true,\"valueName\":\"search_term_string\"}}],\"inLanguage\":\"es\"}]}<\/script>\n<!-- \/ Yoast SEO Premium plugin. -->","yoast_head_json":{"title":"Islas Galapagos Tours - Galapagos Sea Star Travel Company","description":"Nuestros tours por las islas Gal\u00e1pagos son una excelente alternativa a la navegaci\u00f3n en cruceros, puedes explorar la vida silvestre del archipi\u00e9lago y las maravillas naturales d\u00eda a d\u00eda, mientras duermes en los hoteles de la islas por la noche. Esto permite a los viajeros que no les gusta la navegaci\u00f3n disfrutar de los aspectos m\u00e1s destacados de las Islas Gal\u00e1pagos sin comprometer su comodidad y la necesidad de estar en tierra firme.","robots":{"index":"index","follow":"follow","max-snippet":"max-snippet:-1","max-image-preview":"max-image-preview:large","max-video-preview":"max-video-preview:-1"},"canonical":"https:\/\/galapagos-seastartravel.com\/es\/islas-galapagos-tour\/","og_locale":"es_ES","og_type":"article","og_title":"Nuestros Tours en las Islas Gal\u00e1pagos","og_url":"https:\/\/galapagos-seastartravel.com\/es\/islas-galapagos-tour\/","og_site_name":"Galapagos Sea Star Travel Company","article_publisher":"https:\/\/www.facebook.com\/GalapagosSeaStarTravel\/","article_modified_time":"2020-10-28T12:15:23+00:00","og_image":[{"width":4221,"height":1506,"url":"https:\/\/i1.wp.com\/galapagos-seastartravel.com\/wp-content\/uploads\/2019\/02\/fotos-37-38.jpg?fit=4221%2C1506&ssl=1","type":"image\/jpeg"}],"twitter_card":"summary_large_image","schema":{"@context":"https:\/\/schema.org","@graph":[{"@type":"WebPage","@id":"https:\/\/galapagos-seastartravel.com\/es\/islas-galapagos-tour\/","url":"https:\/\/galapagos-seastartravel.com\/es\/islas-galapagos-tour\/","name":"Islas Galapagos Tours - Galapagos Sea Star Travel Company","isPartOf":{"@id":"https:\/\/galapagos-seastartravel.com\/es\/#website"},"primaryImageOfPage":{"@id":"https:\/\/galapagos-seastartravel.com\/es\/islas-galapagos-tour\/#primaryimage"},"image":{"@id":"https:\/\/galapagos-seastartravel.com\/es\/islas-galapagos-tour\/#primaryimage"},"thumbnailUrl":"https:\/\/i0.wp.com\/galapagos-seastartravel.com\/wp-content\/uploads\/2019\/02\/fotos-37-38.jpg?fit=4221%2C1506&ssl=1","datePublished":"2019-02-11T15:42:24+00:00","dateModified":"2020-10-28T12:15:23+00:00","description":"Nuestros tours por las islas Gal\u00e1pagos son una excelente alternativa a la navegaci\u00f3n en cruceros, puedes explorar la vida silvestre del archipi\u00e9lago y las maravillas naturales d\u00eda a d\u00eda, mientras duermes en los hoteles de la islas por la noche. Esto permite a los viajeros que no les gusta la navegaci\u00f3n disfrutar de los aspectos m\u00e1s destacados de las Islas Gal\u00e1pagos sin comprometer su comodidad y la necesidad de estar en tierra firme.","breadcrumb":{"@id":"https:\/\/galapagos-seastartravel.com\/es\/islas-galapagos-tour\/#breadcrumb"},"inLanguage":"es","potentialAction":[{"@type":"ReadAction","target":["https:\/\/galapagos-seastartravel.com\/es\/islas-galapagos-tour\/"]}]},{"@type":"ImageObject","inLanguage":"es","@id":"https:\/\/galapagos-seastartravel.com\/es\/islas-galapagos-tour\/#primaryimage","url":"https:\/\/i0.wp.com\/galapagos-seastartravel.com\/wp-content\/uploads\/2019\/02\/fotos-37-38.jpg?fit=4221%2C1506&ssl=1","contentUrl":"https:\/\/i0.wp.com\/galapagos-seastartravel.com\/wp-content\/uploads\/2019\/02\/fotos-37-38.jpg?fit=4221%2C1506&ssl=1","width":4221,"height":1506},{"@type":"BreadcrumbList","@id":"https:\/\/galapagos-seastartravel.com\/es\/islas-galapagos-tour\/#breadcrumb","itemListElement":[{"@type":"ListItem","position":1,"name":"Inicio","item":"https:\/\/galapagos-seastartravel.com\/es\/"},{"@type":"ListItem","position":2,"name":"Nuestros Tours en las Islas Gal\u00e1pagos"}]},{"@type":"WebSite","@id":"https:\/\/galapagos-seastartravel.com\/es\/#website","url":"https:\/\/galapagos-seastartravel.com\/es\/","name":"Galapagos Sea Star Travel Company","description":"Tour Operator and Travel Agency","potentialAction":[{"@type":"SearchAction","target":{"@type":"EntryPoint","urlTemplate":"https:\/\/galapagos-seastartravel.com\/es\/?s={search_term_string}"},"query-input":{"@type":"PropertyValueSpecification","valueRequired":true,"valueName":"search_term_string"}}],"inLanguage":"es"}]}},"_links":{"self":[{"href":"https:\/\/galapagos-seastartravel.com\/es\/wp-json\/wp\/v2\/pages\/6949","targetHints":{"allow":["GET"]}}],"collection":[{"href":"https:\/\/galapagos-seastartravel.com\/es\/wp-json\/wp\/v2\/pages"}],"about":[{"href":"https:\/\/galapagos-seastartravel.com\/es\/wp-json\/wp\/v2\/types\/page"}],"author":[{"embeddable":true,"href":"https:\/\/galapagos-seastartravel.com\/es\/wp-json\/wp\/v2\/users\/1"}],"replies":[{"embeddable":true,"href":"https:\/\/galapagos-seastartravel.com\/es\/wp-json\/wp\/v2\/comments?post=6949"}],"version-history":[{"count":0,"href":"https:\/\/galapagos-seastartravel.com\/es\/wp-json\/wp\/v2\/pages\/6949\/revisions"}],"wp:featuredmedia":[{"embeddable":true,"href":"https:\/\/galapagos-seastartravel.com\/es\/wp-json\/wp\/v2\/media\/6398"}],"wp:attachment":[{"href":"https:\/\/galapagos-seastartravel.com\/es\/wp-json\/wp\/v2\/media?parent=6949"}],"curies":[{"name":"wp","href":"https:\/\/api.w.org\/{rel}","templated":true}]}}